{"id":395,"date":"2020-07-13T12:38:20","date_gmt":"2020-07-13T10:38:20","guid":{"rendered":"https:\/\/www.powerplastitalia.com\/es\/?page_id=395"},"modified":"2024-12-19T15:53:31","modified_gmt":"2024-12-19T14:53:31","slug":"especialistas-procesamiento-materiales-plasticos","status":"publish","type":"page","link":"https:\/\/www.powerplastitalia.com\/es\/especialistas-procesamiento-materiales-plasticos\/","title":{"rendered":"Equipo"},"content":{"rendered":"","protected":false},"excerpt":{"rendered":"","protected":false},"author":1,"featured_media":0,"parent":0,"menu_order":0,"comment_status":"closed","ping_status":"closed","template":"template-team.php","meta":[],"yoast_head":"<!-- This site is optimized with the Yoast SEO plugin v17.5 - https:\/\/yoast.com\/wordpress\/plugins\/seo\/ -->\n<title>Especialistas en procesamiento de pl\u00e1sticos | Expertos en pl\u00e1sticos org\u00e1nicos<\/title>\n<meta name=\"description\" content=\"Somos especialistas en el procesamiento de pl\u00e1sticos, siempre con un ojo en el medio ambiente. Somos expertos en la impresi\u00f3n de pl\u00e1sticos org\u00e1nicos.\" \/>\n<meta name=\"robots\" content=\"index, follow, max-snippet:-1, max-image-preview:large, max-video-preview:-1\" \/>\n<link rel=\"canonical\" href=\"https:\/\/www.powerplastitalia.com\/es\/especialistas-procesamiento-materiales-plasticos\/\" \/>\n<meta property=\"og:locale\" content=\"es_ES\" \/>\n<meta property=\"og:type\" content=\"article\" \/>\n<meta property=\"og:title\" content=\"Especialistas en procesamiento de pl\u00e1sticos | Expertos en pl\u00e1sticos org\u00e1nicos\" \/>\n<meta property=\"og:description\" content=\"Somos especialistas en el procesamiento de pl\u00e1sticos, siempre con un ojo en el medio ambiente. Somos expertos en la impresi\u00f3n de pl\u00e1sticos org\u00e1nicos.\" \/>\n<meta property=\"og:url\" content=\"https:\/\/www.powerplastitalia.com\/es\/especialistas-procesamiento-materiales-plasticos\/\" \/>\n<meta property=\"og:site_name\" content=\"Powerplast Italia\" \/>\n<meta property=\"article:modified_time\" content=\"2024-12-19T14:53:31+00:00\" \/>\n<meta name=\"twitter:card\" content=\"summary_large_image\" \/>\n<script type=\"application\/ld+json\" class=\"yoast-schema-graph\">{\"@context\":\"https:\/\/schema.org\",\"@graph\":[{\"@type\":\"WebSite\",\"@id\":\"https:\/\/www.powerplastitalia.com\/es\/#website\",\"url\":\"https:\/\/www.powerplastitalia.com\/es\/\",\"name\":\"Powerplast Italia\",\"description\":\"Un nuovo sito targato WordPress\",\"potentialAction\":[{\"@type\":\"SearchAction\",\"target\":{\"@type\":\"EntryPoint\",\"urlTemplate\":\"https:\/\/www.powerplastitalia.com\/es\/?s={search_term_string}\"},\"query-input\":\"required name=search_term_string\"}],\"inLanguage\":\"es\"},{\"@type\":\"WebPage\",\"@id\":\"https:\/\/www.powerplastitalia.com\/es\/especialistas-procesamiento-materiales-plasticos\/#webpage\",\"url\":\"https:\/\/www.powerplastitalia.com\/es\/especialistas-procesamiento-materiales-plasticos\/\",\"name\":\"Especialistas en procesamiento de pl\\u00e1sticos | Expertos en pl\\u00e1sticos org\\u00e1nicos\",\"isPartOf\":{\"@id\":\"https:\/\/www.powerplastitalia.com\/es\/#website\"},\"datePublished\":\"2020-07-13T10:38:20+00:00\",\"dateModified\":\"2024-12-19T14:53:31+00:00\",\"description\":\"Somos especialistas en el procesamiento de pl\\u00e1sticos, siempre con un ojo en el medio ambiente. Somos expertos en la impresi\\u00f3n de pl\\u00e1sticos org\\u00e1nicos.\",\"breadcrumb\":{\"@id\":\"https:\/\/www.powerplastitalia.com\/es\/especialistas-procesamiento-materiales-plasticos\/#breadcrumb\"},\"inLanguage\":\"es\",\"potentialAction\":[{\"@type\":\"ReadAction\",\"target\":[\"https:\/\/www.powerplastitalia.com\/es\/especialistas-procesamiento-materiales-plasticos\/\"]}]},{\"@type\":\"BreadcrumbList\",\"@id\":\"https:\/\/www.powerplastitalia.com\/es\/especialistas-procesamiento-materiales-plasticos\/#breadcrumb\",\"itemListElement\":[{\"@type\":\"ListItem\",\"position\":1,\"name\":\"Home\",\"item\":\"https:\/\/www.powerplastitalia.com\/es\/\"},{\"@type\":\"ListItem\",\"position\":2,\"name\":\"Equipo\"}]}]}<\/script>\n<!-- \/ Yoast SEO plugin. -->","yoast_head_json":{"title":"Especialistas en procesamiento de pl\u00e1sticos | Expertos en pl\u00e1sticos org\u00e1nicos","description":"Somos especialistas en el procesamiento de pl\u00e1sticos, siempre con un ojo en el medio ambiente. Somos expertos en la impresi\u00f3n de pl\u00e1sticos org\u00e1nicos.","robots":{"index":"index","follow":"follow","max-snippet":"max-snippet:-1","max-image-preview":"max-image-preview:large","max-video-preview":"max-video-preview:-1"},"canonical":"https:\/\/www.powerplastitalia.com\/es\/especialistas-procesamiento-materiales-plasticos\/","og_locale":"es_ES","og_type":"article","og_title":"Especialistas en procesamiento de pl\u00e1sticos | Expertos en pl\u00e1sticos org\u00e1nicos","og_description":"Somos especialistas en el procesamiento de pl\u00e1sticos, siempre con un ojo en el medio ambiente. Somos expertos en la impresi\u00f3n de pl\u00e1sticos org\u00e1nicos.","og_url":"https:\/\/www.powerplastitalia.com\/es\/especialistas-procesamiento-materiales-plasticos\/","og_site_name":"Powerplast Italia","article_modified_time":"2024-12-19T14:53:31+00:00","twitter_card":"summary_large_image","schema":{"@context":"https:\/\/schema.org","@graph":[{"@type":"WebSite","@id":"https:\/\/www.powerplastitalia.com\/es\/#website","url":"https:\/\/www.powerplastitalia.com\/es\/","name":"Powerplast Italia","description":"Un nuovo sito targato WordPress","potentialAction":[{"@type":"SearchAction","target":{"@type":"EntryPoint","urlTemplate":"https:\/\/www.powerplastitalia.com\/es\/?s={search_term_string}"},"query-input":"required name=search_term_string"}],"inLanguage":"es"},{"@type":"WebPage","@id":"https:\/\/www.powerplastitalia.com\/es\/especialistas-procesamiento-materiales-plasticos\/#webpage","url":"https:\/\/www.powerplastitalia.com\/es\/especialistas-procesamiento-materiales-plasticos\/","name":"Especialistas en procesamiento de pl\u00e1sticos | Expertos en pl\u00e1sticos org\u00e1nicos","isPartOf":{"@id":"https:\/\/www.powerplastitalia.com\/es\/#website"},"datePublished":"2020-07-13T10:38:20+00:00","dateModified":"2024-12-19T14:53:31+00:00","description":"Somos especialistas en el procesamiento de pl\u00e1sticos, siempre con un ojo en el medio ambiente. Somos expertos en la impresi\u00f3n de pl\u00e1sticos org\u00e1nicos.","breadcrumb":{"@id":"https:\/\/www.powerplastitalia.com\/es\/especialistas-procesamiento-materiales-plasticos\/#breadcrumb"},"inLanguage":"es","potentialAction":[{"@type":"ReadAction","target":["https:\/\/www.powerplastitalia.com\/es\/especialistas-procesamiento-materiales-plasticos\/"]}]},{"@type":"BreadcrumbList","@id":"https:\/\/www.powerplastitalia.com\/es\/especialistas-procesamiento-materiales-plasticos\/#breadcrumb","itemListElement":[{"@type":"ListItem","position":1,"name":"Home","item":"https:\/\/www.powerplastitalia.com\/es\/"},{"@type":"ListItem","position":2,"name":"Equipo"}]}]}},"_links":{"self":[{"href":"https:\/\/www.powerplastitalia.com\/es\/wp-json\/wp\/v2\/pages\/395"}],"collection":[{"href":"https:\/\/www.powerplastitalia.com\/es\/wp-json\/wp\/v2\/pages"}],"about":[{"href":"https:\/\/www.powerplastitalia.com\/es\/wp-json\/wp\/v2\/types\/page"}],"author":[{"embeddable":true,"href":"https:\/\/www.powerplastitalia.com\/es\/wp-json\/wp\/v2\/users\/1"}],"replies":[{"embeddable":true,"href":"https:\/\/www.powerplastitalia.com\/es\/wp-json\/wp\/v2\/comments?post=395"}],"version-history":[{"count":39,"href":"https:\/\/www.powerplastitalia.com\/es\/wp-json\/wp\/v2\/pages\/395\/revisions"}],"predecessor-version":[{"id":1736,"href":"https:\/\/www.powerplastitalia.com\/es\/wp-json\/wp\/v2\/pages\/395\/revisions\/1736"}],"wp:attachment":[{"href":"https:\/\/www.powerplastitalia.com\/es\/wp-json\/wp\/v2\/media?parent=395"}],"curies":[{"name":"wp","href":"https:\/\/api.w.org\/{rel}","templated":true}]}}