{"id":399,"date":"2020-07-13T12:39:31","date_gmt":"2020-07-13T10:39:31","guid":{"rendered":"https:\/\/www.powerplastitalia.com\/es\/?page_id=399"},"modified":"2025-03-04T17:17:47","modified_gmt":"2025-03-04T16:17:47","slug":"patentes-plasticos-perfumados","status":"publish","type":"page","link":"https:\/\/www.powerplastitalia.com\/es\/patentes-plasticos-perfumados\/","title":{"rendered":"Patentes y certificaciones"},"content":{"rendered":"","protected":false},"excerpt":{"rendered":"","protected":false},"author":1,"featured_media":0,"parent":0,"menu_order":0,"comment_status":"closed","ping_status":"closed","template":"template-brevetti-certificazioni.php","meta":[],"yoast_head":"<!-- This site is optimized with the Yoast SEO plugin v17.5 - https:\/\/yoast.com\/wordpress\/plugins\/seo\/ -->\n<title>Patente de aromas de pl\u00e1stico | Tecnolog\u00edas de aromas de pl\u00e1stico<\/title>\n<meta name=\"description\" content=\"Descubra nuestra patente para la durabilidad del aroma del pl\u00e1stico. Comprometer recursos y tecnolog\u00edas para aumentar la eficacia de la fragancia de los pl\u00e1sticos.\" \/>\n<meta name=\"robots\" content=\"index, follow, max-snippet:-1, max-image-preview:large, max-video-preview:-1\" \/>\n<link rel=\"canonical\" href=\"https:\/\/www.powerplastitalia.com\/es\/patentes-plasticos-perfumados\/\" \/>\n<meta property=\"og:locale\" content=\"es_ES\" \/>\n<meta property=\"og:type\" content=\"article\" \/>\n<meta property=\"og:title\" content=\"Patente de aromas de pl\u00e1stico | Tecnolog\u00edas de aromas de pl\u00e1stico\" \/>\n<meta property=\"og:description\" content=\"Descubra nuestra patente para la durabilidad del aroma del pl\u00e1stico. Comprometer recursos y tecnolog\u00edas para aumentar la eficacia de la fragancia de los pl\u00e1sticos.\" \/>\n<meta property=\"og:url\" content=\"https:\/\/www.powerplastitalia.com\/es\/patentes-plasticos-perfumados\/\" \/>\n<meta property=\"og:site_name\" content=\"Powerplast Italia\" \/>\n<meta property=\"article:modified_time\" content=\"2025-03-04T16:17:47+00:00\" \/>\n<meta name=\"twitter:card\" content=\"summary_large_image\" \/>\n<script type=\"application\/ld+json\" class=\"yoast-schema-graph\">{\"@context\":\"https:\/\/schema.org\",\"@graph\":[{\"@type\":\"WebSite\",\"@id\":\"https:\/\/www.powerplastitalia.com\/es\/#website\",\"url\":\"https:\/\/www.powerplastitalia.com\/es\/\",\"name\":\"Powerplast Italia\",\"description\":\"Un nuovo sito targato WordPress\",\"potentialAction\":[{\"@type\":\"SearchAction\",\"target\":{\"@type\":\"EntryPoint\",\"urlTemplate\":\"https:\/\/www.powerplastitalia.com\/es\/?s={search_term_string}\"},\"query-input\":\"required name=search_term_string\"}],\"inLanguage\":\"es\"},{\"@type\":\"WebPage\",\"@id\":\"https:\/\/www.powerplastitalia.com\/es\/patentes-plasticos-perfumados\/#webpage\",\"url\":\"https:\/\/www.powerplastitalia.com\/es\/patentes-plasticos-perfumados\/\",\"name\":\"Patente de aromas de pl\\u00e1stico | Tecnolog\\u00edas de aromas de pl\\u00e1stico\",\"isPartOf\":{\"@id\":\"https:\/\/www.powerplastitalia.com\/es\/#website\"},\"datePublished\":\"2020-07-13T10:39:31+00:00\",\"dateModified\":\"2025-03-04T16:17:47+00:00\",\"description\":\"Descubra nuestra patente para la durabilidad del aroma del pl\\u00e1stico. Comprometer recursos y tecnolog\\u00edas para aumentar la eficacia de la fragancia de los pl\\u00e1sticos.\",\"breadcrumb\":{\"@id\":\"https:\/\/www.powerplastitalia.com\/es\/patentes-plasticos-perfumados\/#breadcrumb\"},\"inLanguage\":\"es\",\"potentialAction\":[{\"@type\":\"ReadAction\",\"target\":[\"https:\/\/www.powerplastitalia.com\/es\/patentes-plasticos-perfumados\/\"]}]},{\"@type\":\"BreadcrumbList\",\"@id\":\"https:\/\/www.powerplastitalia.com\/es\/patentes-plasticos-perfumados\/#breadcrumb\",\"itemListElement\":[{\"@type\":\"ListItem\",\"position\":1,\"name\":\"Home\",\"item\":\"https:\/\/www.powerplastitalia.com\/es\/\"},{\"@type\":\"ListItem\",\"position\":2,\"name\":\"Patentes y certificaciones\"}]}]}<\/script>\n<!-- \/ Yoast SEO plugin. -->","yoast_head_json":{"title":"Patente de aromas de pl\u00e1stico | Tecnolog\u00edas de aromas de pl\u00e1stico","description":"Descubra nuestra patente para la durabilidad del aroma del pl\u00e1stico. Comprometer recursos y tecnolog\u00edas para aumentar la eficacia de la fragancia de los pl\u00e1sticos.","robots":{"index":"index","follow":"follow","max-snippet":"max-snippet:-1","max-image-preview":"max-image-preview:large","max-video-preview":"max-video-preview:-1"},"canonical":"https:\/\/www.powerplastitalia.com\/es\/patentes-plasticos-perfumados\/","og_locale":"es_ES","og_type":"article","og_title":"Patente de aromas de pl\u00e1stico | Tecnolog\u00edas de aromas de pl\u00e1stico","og_description":"Descubra nuestra patente para la durabilidad del aroma del pl\u00e1stico. Comprometer recursos y tecnolog\u00edas para aumentar la eficacia de la fragancia de los pl\u00e1sticos.","og_url":"https:\/\/www.powerplastitalia.com\/es\/patentes-plasticos-perfumados\/","og_site_name":"Powerplast Italia","article_modified_time":"2025-03-04T16:17:47+00:00","twitter_card":"summary_large_image","schema":{"@context":"https:\/\/schema.org","@graph":[{"@type":"WebSite","@id":"https:\/\/www.powerplastitalia.com\/es\/#website","url":"https:\/\/www.powerplastitalia.com\/es\/","name":"Powerplast Italia","description":"Un nuovo sito targato WordPress","potentialAction":[{"@type":"SearchAction","target":{"@type":"EntryPoint","urlTemplate":"https:\/\/www.powerplastitalia.com\/es\/?s={search_term_string}"},"query-input":"required name=search_term_string"}],"inLanguage":"es"},{"@type":"WebPage","@id":"https:\/\/www.powerplastitalia.com\/es\/patentes-plasticos-perfumados\/#webpage","url":"https:\/\/www.powerplastitalia.com\/es\/patentes-plasticos-perfumados\/","name":"Patente de aromas de pl\u00e1stico | Tecnolog\u00edas de aromas de pl\u00e1stico","isPartOf":{"@id":"https:\/\/www.powerplastitalia.com\/es\/#website"},"datePublished":"2020-07-13T10:39:31+00:00","dateModified":"2025-03-04T16:17:47+00:00","description":"Descubra nuestra patente para la durabilidad del aroma del pl\u00e1stico. Comprometer recursos y tecnolog\u00edas para aumentar la eficacia de la fragancia de los pl\u00e1sticos.","breadcrumb":{"@id":"https:\/\/www.powerplastitalia.com\/es\/patentes-plasticos-perfumados\/#breadcrumb"},"inLanguage":"es","potentialAction":[{"@type":"ReadAction","target":["https:\/\/www.powerplastitalia.com\/es\/patentes-plasticos-perfumados\/"]}]},{"@type":"BreadcrumbList","@id":"https:\/\/www.powerplastitalia.com\/es\/patentes-plasticos-perfumados\/#breadcrumb","itemListElement":[{"@type":"ListItem","position":1,"name":"Home","item":"https:\/\/www.powerplastitalia.com\/es\/"},{"@type":"ListItem","position":2,"name":"Patentes y certificaciones"}]}]}},"_links":{"self":[{"href":"https:\/\/www.powerplastitalia.com\/es\/wp-json\/wp\/v2\/pages\/399"}],"collection":[{"href":"https:\/\/www.powerplastitalia.com\/es\/wp-json\/wp\/v2\/pages"}],"about":[{"href":"https:\/\/www.powerplastitalia.com\/es\/wp-json\/wp\/v2\/types\/page"}],"author":[{"embeddable":true,"href":"https:\/\/www.powerplastitalia.com\/es\/wp-json\/wp\/v2\/users\/1"}],"replies":[{"embeddable":true,"href":"https:\/\/www.powerplastitalia.com\/es\/wp-json\/wp\/v2\/comments?post=399"}],"version-history":[{"count":25,"href":"https:\/\/www.powerplastitalia.com\/es\/wp-json\/wp\/v2\/pages\/399\/revisions"}],"predecessor-version":[{"id":1831,"href":"https:\/\/www.powerplastitalia.com\/es\/wp-json\/wp\/v2\/pages\/399\/revisions\/1831"}],"wp:attachment":[{"href":"https:\/\/www.powerplastitalia.com\/es\/wp-json\/wp\/v2\/media?parent=399"}],"curies":[{"name":"wp","href":"https:\/\/api.w.org\/{rel}","templated":true}]}}