{"id":7,"date":"2020-07-03T10:47:07","date_gmt":"2020-07-03T08:47:07","guid":{"rendered":"https:\/\/www.powerplastitalia.com\/es\/index.php\/home\/"},"modified":"2025-03-10T16:03:40","modified_gmt":"2025-03-10T15:03:40","slug":"home","status":"publish","type":"page","link":"https:\/\/www.powerplastitalia.com\/es\/","title":{"rendered":"Home"},"content":{"rendered":"","protected":false},"excerpt":{"rendered":"","protected":false},"author":1,"featured_media":0,"parent":0,"menu_order":-1,"comment_status":"closed","ping_status":"closed","template":"template-home.php","meta":[],"yoast_head":"<!-- This site is optimized with the Yoast SEO plugin v17.5 - https:\/\/yoast.com\/wordpress\/plugins\/seo\/ -->\n<title>Procesamiento de pl\u00e1sticos | Procesamiento de pol\u00edmeros pl\u00e1sticos<\/title>\n<meta name=\"description\" content=\"Elija el procesamiento de pl\u00e1sticos de PowerPlast Italia. Nuestro procesamiento de pol\u00edmeros pl\u00e1sticos hace un gui\u00f1o a la innovaci\u00f3n y al medio ambiente.\" \/>\n<meta name=\"robots\" content=\"index, follow, max-snippet:-1, max-image-preview:large, max-video-preview:-1\" \/>\n<link rel=\"canonical\" href=\"https:\/\/www.powerplastitalia.com\/es\/\" \/>\n<meta property=\"og:locale\" content=\"es_ES\" \/>\n<meta property=\"og:type\" content=\"article\" \/>\n<meta property=\"og:title\" content=\"Procesamiento de pl\u00e1sticos | Procesamiento de pol\u00edmeros pl\u00e1sticos\" \/>\n<meta property=\"og:description\" content=\"Elija el procesamiento de pl\u00e1sticos de PowerPlast Italia. Nuestro procesamiento de pol\u00edmeros pl\u00e1sticos hace un gui\u00f1o a la innovaci\u00f3n y al medio ambiente.\" \/>\n<meta property=\"og:url\" content=\"https:\/\/www.powerplastitalia.com\/es\/\" \/>\n<meta property=\"og:site_name\" content=\"Powerplast Italia\" \/>\n<meta property=\"article:modified_time\" content=\"2025-03-10T15:03:40+00:00\" \/>\n<meta name=\"twitter:card\" content=\"summary_large_image\" \/>\n<script type=\"application\/ld+json\" class=\"yoast-schema-graph\">{\"@context\":\"https:\/\/schema.org\",\"@graph\":[{\"@type\":\"WebSite\",\"@id\":\"https:\/\/www.powerplastitalia.com\/es\/#website\",\"url\":\"https:\/\/www.powerplastitalia.com\/es\/\",\"name\":\"Powerplast Italia\",\"description\":\"Un nuovo sito targato WordPress\",\"potentialAction\":[{\"@type\":\"SearchAction\",\"target\":{\"@type\":\"EntryPoint\",\"urlTemplate\":\"https:\/\/www.powerplastitalia.com\/es\/?s={search_term_string}\"},\"query-input\":\"required name=search_term_string\"}],\"inLanguage\":\"es\"},{\"@type\":\"WebPage\",\"@id\":\"https:\/\/www.powerplastitalia.com\/es\/#webpage\",\"url\":\"https:\/\/www.powerplastitalia.com\/es\/\",\"name\":\"Procesamiento de pl\\u00e1sticos | Procesamiento de pol\\u00edmeros pl\\u00e1sticos\",\"isPartOf\":{\"@id\":\"https:\/\/www.powerplastitalia.com\/es\/#website\"},\"datePublished\":\"2020-07-03T08:47:07+00:00\",\"dateModified\":\"2025-03-10T15:03:40+00:00\",\"description\":\"Elija el procesamiento de pl\\u00e1sticos de PowerPlast Italia. Nuestro procesamiento de pol\\u00edmeros pl\\u00e1sticos hace un gui\\u00f1o a la innovaci\\u00f3n y al medio ambiente.\",\"breadcrumb\":{\"@id\":\"https:\/\/www.powerplastitalia.com\/es\/#breadcrumb\"},\"inLanguage\":\"es\",\"potentialAction\":[{\"@type\":\"ReadAction\",\"target\":[\"https:\/\/www.powerplastitalia.com\/es\/\"]}]},{\"@type\":\"BreadcrumbList\",\"@id\":\"https:\/\/www.powerplastitalia.com\/es\/#breadcrumb\",\"itemListElement\":[{\"@type\":\"ListItem\",\"position\":1,\"name\":\"Home\",\"item\":\"https:\/\/www.powerplastitalia.com\/es\/\"},{\"@type\":\"ListItem\",\"position\":2,\"name\":\"Home\"}]}]}<\/script>\n<!-- \/ Yoast SEO plugin. -->","yoast_head_json":{"title":"Procesamiento de pl\u00e1sticos | Procesamiento de pol\u00edmeros pl\u00e1sticos","description":"Elija el procesamiento de pl\u00e1sticos de PowerPlast Italia. Nuestro procesamiento de pol\u00edmeros pl\u00e1sticos hace un gui\u00f1o a la innovaci\u00f3n y al medio ambiente.","robots":{"index":"index","follow":"follow","max-snippet":"max-snippet:-1","max-image-preview":"max-image-preview:large","max-video-preview":"max-video-preview:-1"},"canonical":"https:\/\/www.powerplastitalia.com\/es\/","og_locale":"es_ES","og_type":"article","og_title":"Procesamiento de pl\u00e1sticos | Procesamiento de pol\u00edmeros pl\u00e1sticos","og_description":"Elija el procesamiento de pl\u00e1sticos de PowerPlast Italia. Nuestro procesamiento de pol\u00edmeros pl\u00e1sticos hace un gui\u00f1o a la innovaci\u00f3n y al medio ambiente.","og_url":"https:\/\/www.powerplastitalia.com\/es\/","og_site_name":"Powerplast Italia","article_modified_time":"2025-03-10T15:03:40+00:00","twitter_card":"summary_large_image","schema":{"@context":"https:\/\/schema.org","@graph":[{"@type":"WebSite","@id":"https:\/\/www.powerplastitalia.com\/es\/#website","url":"https:\/\/www.powerplastitalia.com\/es\/","name":"Powerplast Italia","description":"Un nuovo sito targato WordPress","potentialAction":[{"@type":"SearchAction","target":{"@type":"EntryPoint","urlTemplate":"https:\/\/www.powerplastitalia.com\/es\/?s={search_term_string}"},"query-input":"required name=search_term_string"}],"inLanguage":"es"},{"@type":"WebPage","@id":"https:\/\/www.powerplastitalia.com\/es\/#webpage","url":"https:\/\/www.powerplastitalia.com\/es\/","name":"Procesamiento de pl\u00e1sticos | Procesamiento de pol\u00edmeros pl\u00e1sticos","isPartOf":{"@id":"https:\/\/www.powerplastitalia.com\/es\/#website"},"datePublished":"2020-07-03T08:47:07+00:00","dateModified":"2025-03-10T15:03:40+00:00","description":"Elija el procesamiento de pl\u00e1sticos de PowerPlast Italia. Nuestro procesamiento de pol\u00edmeros pl\u00e1sticos hace un gui\u00f1o a la innovaci\u00f3n y al medio ambiente.","breadcrumb":{"@id":"https:\/\/www.powerplastitalia.com\/es\/#breadcrumb"},"inLanguage":"es","potentialAction":[{"@type":"ReadAction","target":["https:\/\/www.powerplastitalia.com\/es\/"]}]},{"@type":"BreadcrumbList","@id":"https:\/\/www.powerplastitalia.com\/es\/#breadcrumb","itemListElement":[{"@type":"ListItem","position":1,"name":"Home","item":"https:\/\/www.powerplastitalia.com\/es\/"},{"@type":"ListItem","position":2,"name":"Home"}]}]}},"_links":{"self":[{"href":"https:\/\/www.powerplastitalia.com\/es\/wp-json\/wp\/v2\/pages\/7"}],"collection":[{"href":"https:\/\/www.powerplastitalia.com\/es\/wp-json\/wp\/v2\/pages"}],"about":[{"href":"https:\/\/www.powerplastitalia.com\/es\/wp-json\/wp\/v2\/types\/page"}],"author":[{"embeddable":true,"href":"https:\/\/www.powerplastitalia.com\/es\/wp-json\/wp\/v2\/users\/1"}],"replies":[{"embeddable":true,"href":"https:\/\/www.powerplastitalia.com\/es\/wp-json\/wp\/v2\/comments?post=7"}],"version-history":[{"count":85,"href":"https:\/\/www.powerplastitalia.com\/es\/wp-json\/wp\/v2\/pages\/7\/revisions"}],"predecessor-version":[{"id":1840,"href":"https:\/\/www.powerplastitalia.com\/es\/wp-json\/wp\/v2\/pages\/7\/revisions\/1840"}],"wp:attachment":[{"href":"https:\/\/www.powerplastitalia.com\/es\/wp-json\/wp\/v2\/media?parent=7"}],"curies":[{"name":"wp","href":"https:\/\/api.w.org\/{rel}","templated":true}]}}