{"id":397,"date":"2020-07-13T12:39:22","date_gmt":"2020-07-13T10:39:22","guid":{"rendered":"https:\/\/www.powerplastitalia.com\/fr\/?page_id=397"},"modified":"2025-03-14T12:24:28","modified_gmt":"2025-03-14T11:24:28","slug":"partenaires-traitement-polymeres","status":"publish","type":"page","link":"https:\/\/www.powerplastitalia.com\/fr\/partenaires-traitement-polymeres\/","title":{"rendered":"Dans le monde"},"content":{"rendered":"","protected":false},"excerpt":{"rendered":"","protected":false},"author":1,"featured_media":0,"parent":0,"menu_order":0,"comment_status":"closed","ping_status":"closed","template":"template-nel-mondo.php","meta":[],"yoast_head":"<!-- This site is optimized with the Yoast SEO plugin v17.5 - https:\/\/yoast.com\/wordpress\/plugins\/seo\/ -->\n<title>Partenaire pour le traitement des polym\u00e8res fabriqu\u00e9s en Italie | Powerplast Italia<\/title>\n<meta name=\"description\" content=\"Choisissez-nous comme votre partenaire pour le traitement des polym\u00e8res comme l&#039;ont fait de nombreuses autres r\u00e9alit\u00e9s europ\u00e9ennes. Choisissez le made in Italy offert par Powerplast Italie.\" \/>\n<meta name=\"robots\" content=\"index, follow, max-snippet:-1, max-image-preview:large, max-video-preview:-1\" \/>\n<link rel=\"canonical\" href=\"https:\/\/www.powerplastitalia.com\/fr\/partenaires-traitement-polymeres\/\" \/>\n<meta property=\"og:locale\" content=\"fr_FR\" \/>\n<meta property=\"og:type\" content=\"article\" \/>\n<meta property=\"og:title\" content=\"Partenaire pour le traitement des polym\u00e8res fabriqu\u00e9s en Italie | Powerplast Italia\" \/>\n<meta property=\"og:description\" content=\"Choisissez-nous comme votre partenaire pour le traitement des polym\u00e8res comme l&#039;ont fait de nombreuses autres r\u00e9alit\u00e9s europ\u00e9ennes. Choisissez le made in Italy offert par Powerplast Italie.\" \/>\n<meta property=\"og:url\" content=\"https:\/\/www.powerplastitalia.com\/fr\/partenaires-traitement-polymeres\/\" \/>\n<meta property=\"og:site_name\" content=\"Powerplast Italia\" \/>\n<meta property=\"article:publisher\" content=\"https:\/\/www.facebook.com\/PowerPlastItalia\/\" \/>\n<meta property=\"article:modified_time\" content=\"2025-03-14T11:24:28+00:00\" \/>\n<meta name=\"twitter:card\" content=\"summary_large_image\" \/>\n<script type=\"application\/ld+json\" class=\"yoast-schema-graph\">{\"@context\":\"https:\/\/schema.org\",\"@graph\":[{\"@type\":\"Organization\",\"@id\":\"https:\/\/www.powerplastitalia.com\/fr\/#organization\",\"name\":\"Powerplast Italia\",\"url\":\"https:\/\/www.powerplastitalia.com\/fr\/\",\"sameAs\":[\"https:\/\/www.facebook.com\/PowerPlastItalia\/\",\"https:\/\/it.linkedin.com\/company\/powerplast-italia-srl\"],\"logo\":{\"@type\":\"ImageObject\",\"@id\":\"https:\/\/www.powerplastitalia.com\/fr\/#logo\",\"inLanguage\":\"fr-FR\",\"url\":\"https:\/\/www.powerplastitalia.com\/fr\/wp-content\/uploads\/sites\/4\/logo-powerplast-italia-dati-strutturati.png\",\"contentUrl\":\"https:\/\/www.powerplastitalia.com\/fr\/wp-content\/uploads\/sites\/4\/logo-powerplast-italia-dati-strutturati.png\",\"width\":166,\"height\":164,\"caption\":\"Powerplast Italia\"},\"image\":{\"@id\":\"https:\/\/www.powerplastitalia.com\/fr\/#logo\"}},{\"@type\":\"WebSite\",\"@id\":\"https:\/\/www.powerplastitalia.com\/fr\/#website\",\"url\":\"https:\/\/www.powerplastitalia.com\/fr\/\",\"name\":\"Powerplast Italia\",\"description\":\"Un nuovo sito targato WordPress\",\"publisher\":{\"@id\":\"https:\/\/www.powerplastitalia.com\/fr\/#organization\"},\"potentialAction\":[{\"@type\":\"SearchAction\",\"target\":{\"@type\":\"EntryPoint\",\"urlTemplate\":\"https:\/\/www.powerplastitalia.com\/fr\/?s={search_term_string}\"},\"query-input\":\"required name=search_term_string\"}],\"inLanguage\":\"fr-FR\"},{\"@type\":\"WebPage\",\"@id\":\"https:\/\/www.powerplastitalia.com\/fr\/partenaires-traitement-polymeres\/#webpage\",\"url\":\"https:\/\/www.powerplastitalia.com\/fr\/partenaires-traitement-polymeres\/\",\"name\":\"Partenaire pour le traitement des polym\\u00e8res fabriqu\\u00e9s en Italie | Powerplast Italia\",\"isPartOf\":{\"@id\":\"https:\/\/www.powerplastitalia.com\/fr\/#website\"},\"datePublished\":\"2020-07-13T10:39:22+00:00\",\"dateModified\":\"2025-03-14T11:24:28+00:00\",\"description\":\"Choisissez-nous comme votre partenaire pour le traitement des polym\\u00e8res comme l'ont fait de nombreuses autres r\\u00e9alit\\u00e9s europ\\u00e9ennes. Choisissez le made in Italy offert par Powerplast Italie.\",\"breadcrumb\":{\"@id\":\"https:\/\/www.powerplastitalia.com\/fr\/partenaires-traitement-polymeres\/#breadcrumb\"},\"inLanguage\":\"fr-FR\",\"potentialAction\":[{\"@type\":\"ReadAction\",\"target\":[\"https:\/\/www.powerplastitalia.com\/fr\/partenaires-traitement-polymeres\/\"]}]},{\"@type\":\"BreadcrumbList\",\"@id\":\"https:\/\/www.powerplastitalia.com\/fr\/partenaires-traitement-polymeres\/#breadcrumb\",\"itemListElement\":[{\"@type\":\"ListItem\",\"position\":1,\"name\":\"Home\",\"item\":\"https:\/\/www.powerplastitalia.com\/fr\/\"},{\"@type\":\"ListItem\",\"position\":2,\"name\":\"Dans le monde\"}]}]}<\/script>\n<!-- \/ Yoast SEO plugin. -->","yoast_head_json":{"title":"Partenaire pour le traitement des polym\u00e8res fabriqu\u00e9s en Italie | Powerplast Italia","description":"Choisissez-nous comme votre partenaire pour le traitement des polym\u00e8res comme l'ont fait de nombreuses autres r\u00e9alit\u00e9s europ\u00e9ennes. Choisissez le made in Italy offert par Powerplast Italie.","robots":{"index":"index","follow":"follow","max-snippet":"max-snippet:-1","max-image-preview":"max-image-preview:large","max-video-preview":"max-video-preview:-1"},"canonical":"https:\/\/www.powerplastitalia.com\/fr\/partenaires-traitement-polymeres\/","og_locale":"fr_FR","og_type":"article","og_title":"Partenaire pour le traitement des polym\u00e8res fabriqu\u00e9s en Italie | Powerplast Italia","og_description":"Choisissez-nous comme votre partenaire pour le traitement des polym\u00e8res comme l'ont fait de nombreuses autres r\u00e9alit\u00e9s europ\u00e9ennes. Choisissez le made in Italy offert par Powerplast Italie.","og_url":"https:\/\/www.powerplastitalia.com\/fr\/partenaires-traitement-polymeres\/","og_site_name":"Powerplast Italia","article_publisher":"https:\/\/www.facebook.com\/PowerPlastItalia\/","article_modified_time":"2025-03-14T11:24:28+00:00","twitter_card":"summary_large_image","schema":{"@context":"https:\/\/schema.org","@graph":[{"@type":"Organization","@id":"https:\/\/www.powerplastitalia.com\/fr\/#organization","name":"Powerplast Italia","url":"https:\/\/www.powerplastitalia.com\/fr\/","sameAs":["https:\/\/www.facebook.com\/PowerPlastItalia\/","https:\/\/it.linkedin.com\/company\/powerplast-italia-srl"],"logo":{"@type":"ImageObject","@id":"https:\/\/www.powerplastitalia.com\/fr\/#logo","inLanguage":"fr-FR","url":"https:\/\/www.powerplastitalia.com\/fr\/wp-content\/uploads\/sites\/4\/logo-powerplast-italia-dati-strutturati.png","contentUrl":"https:\/\/www.powerplastitalia.com\/fr\/wp-content\/uploads\/sites\/4\/logo-powerplast-italia-dati-strutturati.png","width":166,"height":164,"caption":"Powerplast Italia"},"image":{"@id":"https:\/\/www.powerplastitalia.com\/fr\/#logo"}},{"@type":"WebSite","@id":"https:\/\/www.powerplastitalia.com\/fr\/#website","url":"https:\/\/www.powerplastitalia.com\/fr\/","name":"Powerplast Italia","description":"Un nuovo sito targato WordPress","publisher":{"@id":"https:\/\/www.powerplastitalia.com\/fr\/#organization"},"potentialAction":[{"@type":"SearchAction","target":{"@type":"EntryPoint","urlTemplate":"https:\/\/www.powerplastitalia.com\/fr\/?s={search_term_string}"},"query-input":"required name=search_term_string"}],"inLanguage":"fr-FR"},{"@type":"WebPage","@id":"https:\/\/www.powerplastitalia.com\/fr\/partenaires-traitement-polymeres\/#webpage","url":"https:\/\/www.powerplastitalia.com\/fr\/partenaires-traitement-polymeres\/","name":"Partenaire pour le traitement des polym\u00e8res fabriqu\u00e9s en Italie | Powerplast Italia","isPartOf":{"@id":"https:\/\/www.powerplastitalia.com\/fr\/#website"},"datePublished":"2020-07-13T10:39:22+00:00","dateModified":"2025-03-14T11:24:28+00:00","description":"Choisissez-nous comme votre partenaire pour le traitement des polym\u00e8res comme l'ont fait de nombreuses autres r\u00e9alit\u00e9s europ\u00e9ennes. Choisissez le made in Italy offert par Powerplast Italie.","breadcrumb":{"@id":"https:\/\/www.powerplastitalia.com\/fr\/partenaires-traitement-polymeres\/#breadcrumb"},"inLanguage":"fr-FR","potentialAction":[{"@type":"ReadAction","target":["https:\/\/www.powerplastitalia.com\/fr\/partenaires-traitement-polymeres\/"]}]},{"@type":"BreadcrumbList","@id":"https:\/\/www.powerplastitalia.com\/fr\/partenaires-traitement-polymeres\/#breadcrumb","itemListElement":[{"@type":"ListItem","position":1,"name":"Home","item":"https:\/\/www.powerplastitalia.com\/fr\/"},{"@type":"ListItem","position":2,"name":"Dans le monde"}]}]}},"_links":{"self":[{"href":"https:\/\/www.powerplastitalia.com\/fr\/wp-json\/wp\/v2\/pages\/397"}],"collection":[{"href":"https:\/\/www.powerplastitalia.com\/fr\/wp-json\/wp\/v2\/pages"}],"about":[{"href":"https:\/\/www.powerplastitalia.com\/fr\/wp-json\/wp\/v2\/types\/page"}],"author":[{"embeddable":true,"href":"https:\/\/www.powerplastitalia.com\/fr\/wp-json\/wp\/v2\/users\/1"}],"replies":[{"embeddable":true,"href":"https:\/\/www.powerplastitalia.com\/fr\/wp-json\/wp\/v2\/comments?post=397"}],"version-history":[{"count":16,"href":"https:\/\/www.powerplastitalia.com\/fr\/wp-json\/wp\/v2\/pages\/397\/revisions"}],"predecessor-version":[{"id":2969,"href":"https:\/\/www.powerplastitalia.com\/fr\/wp-json\/wp\/v2\/pages\/397\/revisions\/2969"}],"wp:attachment":[{"href":"https:\/\/www.powerplastitalia.com\/fr\/wp-json\/wp\/v2\/media?parent=397"}],"curies":[{"name":"wp","href":"https:\/\/api.w.org\/{rel}","templated":true}]}}