{"id":7,"date":"2020-07-03T10:47:07","date_gmt":"2020-07-03T08:47:07","guid":{"rendered":"https:\/\/www.powerplastitalia.com\/fr\/index.php\/home\/"},"modified":"2025-03-14T15:54:59","modified_gmt":"2025-03-14T14:54:59","slug":"home","status":"publish","type":"page","link":"https:\/\/www.powerplastitalia.com\/fr\/","title":{"rendered":"Home"},"content":{"rendered":"","protected":false},"excerpt":{"rendered":"","protected":false},"author":1,"featured_media":0,"parent":0,"menu_order":-1,"comment_status":"closed","ping_status":"closed","template":"template-home.php","meta":[],"yoast_head":"<!-- This site is optimized with the Yoast SEO plugin v17.5 - https:\/\/yoast.com\/wordpress\/plugins\/seo\/ -->\n<title>Traitement des mati\u00e8res plastiques | Traitement des polym\u00e8res plastiques<\/title>\n<meta name=\"description\" content=\"Choisissez le traitement des mati\u00e8res plastiques de PowerPlast Italia. Notre transformation des polym\u00e8res plastiques allie innovation et respect de l&#039;environnement.\" \/>\n<meta name=\"robots\" content=\"index, follow, max-snippet:-1, max-image-preview:large, max-video-preview:-1\" \/>\n<link rel=\"canonical\" href=\"https:\/\/www.powerplastitalia.com\/fr\/\" \/>\n<meta property=\"og:locale\" content=\"fr_FR\" \/>\n<meta property=\"og:type\" content=\"article\" \/>\n<meta property=\"og:title\" content=\"Traitement des mati\u00e8res plastiques | Traitement des polym\u00e8res plastiques\" \/>\n<meta property=\"og:description\" content=\"Choisissez le traitement des mati\u00e8res plastiques de PowerPlast Italia. Notre transformation des polym\u00e8res plastiques allie innovation et respect de l&#039;environnement.\" \/>\n<meta property=\"og:url\" content=\"https:\/\/www.powerplastitalia.com\/fr\/\" \/>\n<meta property=\"og:site_name\" content=\"Powerplast Italia\" \/>\n<meta property=\"article:publisher\" content=\"https:\/\/www.facebook.com\/PowerPlastItalia\/\" \/>\n<meta property=\"article:modified_time\" content=\"2025-03-14T14:54:59+00:00\" \/>\n<meta name=\"twitter:card\" content=\"summary_large_image\" \/>\n<script type=\"application\/ld+json\" class=\"yoast-schema-graph\">{\"@context\":\"https:\/\/schema.org\",\"@graph\":[{\"@type\":\"Organization\",\"@id\":\"https:\/\/www.powerplastitalia.com\/fr\/#organization\",\"name\":\"Powerplast Italia\",\"url\":\"https:\/\/www.powerplastitalia.com\/fr\/\",\"sameAs\":[\"https:\/\/www.facebook.com\/PowerPlastItalia\/\",\"https:\/\/it.linkedin.com\/company\/powerplast-italia-srl\"],\"logo\":{\"@type\":\"ImageObject\",\"@id\":\"https:\/\/www.powerplastitalia.com\/fr\/#logo\",\"inLanguage\":\"fr-FR\",\"url\":\"https:\/\/www.powerplastitalia.com\/fr\/wp-content\/uploads\/sites\/4\/logo-powerplast-italia-dati-strutturati.png\",\"contentUrl\":\"https:\/\/www.powerplastitalia.com\/fr\/wp-content\/uploads\/sites\/4\/logo-powerplast-italia-dati-strutturati.png\",\"width\":166,\"height\":164,\"caption\":\"Powerplast Italia\"},\"image\":{\"@id\":\"https:\/\/www.powerplastitalia.com\/fr\/#logo\"}},{\"@type\":\"WebSite\",\"@id\":\"https:\/\/www.powerplastitalia.com\/fr\/#website\",\"url\":\"https:\/\/www.powerplastitalia.com\/fr\/\",\"name\":\"Powerplast Italia\",\"description\":\"Un nuovo sito targato WordPress\",\"publisher\":{\"@id\":\"https:\/\/www.powerplastitalia.com\/fr\/#organization\"},\"potentialAction\":[{\"@type\":\"SearchAction\",\"target\":{\"@type\":\"EntryPoint\",\"urlTemplate\":\"https:\/\/www.powerplastitalia.com\/fr\/?s={search_term_string}\"},\"query-input\":\"required name=search_term_string\"}],\"inLanguage\":\"fr-FR\"},{\"@type\":\"WebPage\",\"@id\":\"https:\/\/www.powerplastitalia.com\/fr\/#webpage\",\"url\":\"https:\/\/www.powerplastitalia.com\/fr\/\",\"name\":\"Traitement des mati\\u00e8res plastiques | Traitement des polym\\u00e8res plastiques\",\"isPartOf\":{\"@id\":\"https:\/\/www.powerplastitalia.com\/fr\/#website\"},\"datePublished\":\"2020-07-03T08:47:07+00:00\",\"dateModified\":\"2025-03-14T14:54:59+00:00\",\"description\":\"Choisissez le traitement des mati\\u00e8res plastiques de PowerPlast Italia. Notre transformation des polym\\u00e8res plastiques allie innovation et respect de l'environnement.\",\"breadcrumb\":{\"@id\":\"https:\/\/www.powerplastitalia.com\/fr\/#breadcrumb\"},\"inLanguage\":\"fr-FR\",\"potentialAction\":[{\"@type\":\"ReadAction\",\"target\":[\"https:\/\/www.powerplastitalia.com\/fr\/\"]}]},{\"@type\":\"BreadcrumbList\",\"@id\":\"https:\/\/www.powerplastitalia.com\/fr\/#breadcrumb\",\"itemListElement\":[{\"@type\":\"ListItem\",\"position\":1,\"name\":\"Home\",\"item\":\"https:\/\/www.powerplastitalia.com\/fr\/\"},{\"@type\":\"ListItem\",\"position\":2,\"name\":\"Home\"}]}]}<\/script>\n<!-- \/ Yoast SEO plugin. -->","yoast_head_json":{"title":"Traitement des mati\u00e8res plastiques | Traitement des polym\u00e8res plastiques","description":"Choisissez le traitement des mati\u00e8res plastiques de PowerPlast Italia. Notre transformation des polym\u00e8res plastiques allie innovation et respect de l'environnement.","robots":{"index":"index","follow":"follow","max-snippet":"max-snippet:-1","max-image-preview":"max-image-preview:large","max-video-preview":"max-video-preview:-1"},"canonical":"https:\/\/www.powerplastitalia.com\/fr\/","og_locale":"fr_FR","og_type":"article","og_title":"Traitement des mati\u00e8res plastiques | Traitement des polym\u00e8res plastiques","og_description":"Choisissez le traitement des mati\u00e8res plastiques de PowerPlast Italia. Notre transformation des polym\u00e8res plastiques allie innovation et respect de l'environnement.","og_url":"https:\/\/www.powerplastitalia.com\/fr\/","og_site_name":"Powerplast Italia","article_publisher":"https:\/\/www.facebook.com\/PowerPlastItalia\/","article_modified_time":"2025-03-14T14:54:59+00:00","twitter_card":"summary_large_image","schema":{"@context":"https:\/\/schema.org","@graph":[{"@type":"Organization","@id":"https:\/\/www.powerplastitalia.com\/fr\/#organization","name":"Powerplast Italia","url":"https:\/\/www.powerplastitalia.com\/fr\/","sameAs":["https:\/\/www.facebook.com\/PowerPlastItalia\/","https:\/\/it.linkedin.com\/company\/powerplast-italia-srl"],"logo":{"@type":"ImageObject","@id":"https:\/\/www.powerplastitalia.com\/fr\/#logo","inLanguage":"fr-FR","url":"https:\/\/www.powerplastitalia.com\/fr\/wp-content\/uploads\/sites\/4\/logo-powerplast-italia-dati-strutturati.png","contentUrl":"https:\/\/www.powerplastitalia.com\/fr\/wp-content\/uploads\/sites\/4\/logo-powerplast-italia-dati-strutturati.png","width":166,"height":164,"caption":"Powerplast Italia"},"image":{"@id":"https:\/\/www.powerplastitalia.com\/fr\/#logo"}},{"@type":"WebSite","@id":"https:\/\/www.powerplastitalia.com\/fr\/#website","url":"https:\/\/www.powerplastitalia.com\/fr\/","name":"Powerplast Italia","description":"Un nuovo sito targato WordPress","publisher":{"@id":"https:\/\/www.powerplastitalia.com\/fr\/#organization"},"potentialAction":[{"@type":"SearchAction","target":{"@type":"EntryPoint","urlTemplate":"https:\/\/www.powerplastitalia.com\/fr\/?s={search_term_string}"},"query-input":"required name=search_term_string"}],"inLanguage":"fr-FR"},{"@type":"WebPage","@id":"https:\/\/www.powerplastitalia.com\/fr\/#webpage","url":"https:\/\/www.powerplastitalia.com\/fr\/","name":"Traitement des mati\u00e8res plastiques | Traitement des polym\u00e8res plastiques","isPartOf":{"@id":"https:\/\/www.powerplastitalia.com\/fr\/#website"},"datePublished":"2020-07-03T08:47:07+00:00","dateModified":"2025-03-14T14:54:59+00:00","description":"Choisissez le traitement des mati\u00e8res plastiques de PowerPlast Italia. Notre transformation des polym\u00e8res plastiques allie innovation et respect de l'environnement.","breadcrumb":{"@id":"https:\/\/www.powerplastitalia.com\/fr\/#breadcrumb"},"inLanguage":"fr-FR","potentialAction":[{"@type":"ReadAction","target":["https:\/\/www.powerplastitalia.com\/fr\/"]}]},{"@type":"BreadcrumbList","@id":"https:\/\/www.powerplastitalia.com\/fr\/#breadcrumb","itemListElement":[{"@type":"ListItem","position":1,"name":"Home","item":"https:\/\/www.powerplastitalia.com\/fr\/"},{"@type":"ListItem","position":2,"name":"Home"}]}]}},"_links":{"self":[{"href":"https:\/\/www.powerplastitalia.com\/fr\/wp-json\/wp\/v2\/pages\/7"}],"collection":[{"href":"https:\/\/www.powerplastitalia.com\/fr\/wp-json\/wp\/v2\/pages"}],"about":[{"href":"https:\/\/www.powerplastitalia.com\/fr\/wp-json\/wp\/v2\/types\/page"}],"author":[{"embeddable":true,"href":"https:\/\/www.powerplastitalia.com\/fr\/wp-json\/wp\/v2\/users\/1"}],"replies":[{"embeddable":true,"href":"https:\/\/www.powerplastitalia.com\/fr\/wp-json\/wp\/v2\/comments?post=7"}],"version-history":[{"count":95,"href":"https:\/\/www.powerplastitalia.com\/fr\/wp-json\/wp\/v2\/pages\/7\/revisions"}],"predecessor-version":[{"id":3057,"href":"https:\/\/www.powerplastitalia.com\/fr\/wp-json\/wp\/v2\/pages\/7\/revisions\/3057"}],"wp:attachment":[{"href":"https:\/\/www.powerplastitalia.com\/fr\/wp-json\/wp\/v2\/media?parent=7"}],"curies":[{"name":"wp","href":"https:\/\/api.w.org\/{rel}","templated":true}]}}